{"id":748,"date":"2020-12-09T11:25:25","date_gmt":"2020-12-09T10:25:25","guid":{"rendered":"https:\/\/twofold.dev\/?page_id=748"},"modified":"2022-11-01T10:57:03","modified_gmt":"2022-11-01T09:57:03","slug":"imprint","status":"publish","type":"page","link":"https:\/\/twofold.dev\/en\/imprint\/","title":{"rendered":"imprint"},"content":{"rendered":"<div data-elementor-type=\"wp-page\" data-elementor-id=\"748\" class=\"elementor elementor-748\">\n\t\t\t\t\t\t<div class=\"elementor-inner\">\n\t\t\t\t<div class=\"elementor-section-wrap\">\n\t\t\t\t\t\t\t\t\t<section class=\"elementor-section elementor-top-section elementor-element elementor-element-6ca5f5c elementor-section-full_width elementor-section-height-default elementor-section-height-default\" data-id=\"6ca5f5c\" data-element_type=\"section\">\n\t\t\t\t\t\t<div class=\"elementor-container elementor-column-gap-default\">\n\t\t\t\t\t\t\t<div class=\"elementor-row\">\n\t\t\t\t\t<div class=\"elementor-column elementor-col-100 elementor-top-column elementor-element elementor-element-cf69b2b\" data-id=\"cf69b2b\" data-element_type=\"column\">\n\t\t\t<div class=\"elementor-column-wrap elementor-element-populated\">\n\t\t\t\t\t\t\t<div class=\"elementor-widget-wrap\">\n\t\t\t\t\t\t<div class=\"elementor-element elementor-element-5cb1184 elementor-widget elementor-widget-spacer\" data-id=\"5cb1184\" data-element_type=\"widget\" data-widget_type=\"spacer.default\">\n\t\t\t\t<div class=\"elementor-widget-container\">\n\t\t\t\t\t<div class=\"elementor-spacer\">\n\t\t\t<div class=\"elementor-spacer-inner\"><\/div>\n\t\t<\/div>\n\t\t\t\t<\/div>\n\t\t\t\t<\/div>\n\t\t\t\t<div class=\"elementor-element elementor-element-d5e289c elementor-widget elementor-widget-heading\" data-id=\"d5e289c\" data-element_type=\"widget\" data-widget_type=\"heading.default\">\n\t\t\t\t<div class=\"elementor-widget-container\">\n\t\t\t<h2 class=\"elementor-heading-title elementor-size-default\">Imprint<\/h2>\t\t<\/div>\n\t\t\t\t<\/div>\n\t\t\t\t<div class=\"elementor-element elementor-element-abaa454 text-paragraph link-wrapper black reverse no-height elementor-widget elementor-widget-text-editor\" data-id=\"abaa454\" data-element_type=\"widget\" data-widget_type=\"text-editor.default\">\n\t\t\t\t<div class=\"elementor-widget-container\">\n\t\t\t\t\t\t\t\t<div class=\"elementor-text-editor elementor-clearfix\">\n\t\t\t\t<div class=\"elementor-element elementor-element-19ea8f9 elementor-widget elementor-widget-html\" data-id=\"19ea8f9\" data-element_type=\"widget\" data-widget_type=\"html.default\"><div class=\"elementor-widget-container\"><div class=\"imprint\"><p>twofold (Schweiz) AG<br \/>Thurgauerstrasse 54<br \/>8050 Z\u00fcrich<\/p><p><a href=\"mailto:hi@twofold.dev\">hi (at) twofold.dev<\/a><br \/><a href=\"tel:+41445334220\">+41 44 533 42 20<\/a><\/p><h6>Management Board<\/h6><p>No\u00e9 Robert<br \/>Marius Deflorin<br \/>Tarek Aly<br \/>Susan Conza<\/p><h6>Company Registry<\/h6><p>twofold (Schweiz) AG<br \/>UID: CHE-114.513.447<\/p><\/div><\/div><\/div>\t\t\t\t\t<\/div>\n\t\t\t\t\t\t<\/div>\n\t\t\t\t<\/div>\n\t\t\t\t<div class=\"elementor-element elementor-element-1d30ba8 elementor-widget elementor-widget-spacer\" data-id=\"1d30ba8\" data-element_type=\"widget\" data-widget_type=\"spacer.default\">\n\t\t\t\t<div class=\"elementor-widget-container\">\n\t\t\t\t\t<div class=\"elementor-spacer\">\n\t\t\t<div class=\"elementor-spacer-inner\"><\/div>\n\t\t<\/div>\n\t\t\t\t<\/div>\n\t\t\t\t<\/div>\n\t\t\t\t\t\t<\/div>\n\t\t\t\t\t<\/div>\n\t\t<\/div>\n\t\t\t\t\t\t\t\t<\/div>\n\t\t\t\t\t<\/div>\n\t\t<\/section>\n\t\t\t\t\t\t\t\t\t<\/div>\n\t\t\t<\/div>\n\t\t\t\t\t<\/div>","protected":false},"excerpt":{"rendered":"<p>Impressum twofold (Schweiz) AGThurgauerstrasse 548050 Z\u00fcrich hi (at) twofold.dev+41 44 533 42 20 Gesch\u00e4ftsleitung No\u00e9 RobertMarius DeflorinTarek AlySusan Conza Handelsregister twofold (Schweiz) AGUID: CHE-114.513.447<\/p>","protected":false},"author":1,"featured_media":0,"parent":0,"menu_order":0,"comment_status":"open","ping_status":"closed","template":"elementor_header_footer","meta":[],"_links":{"self":[{"href":"https:\/\/twofold.dev\/en\/wp-json\/wp\/v2\/pages\/748"}],"collection":[{"href":"https:\/\/twofold.dev\/en\/wp-json\/wp\/v2\/pages"}],"about":[{"href":"https:\/\/twofold.dev\/en\/wp-json\/wp\/v2\/types\/page"}],"author":[{"embeddable":true,"href":"https:\/\/twofold.dev\/en\/wp-json\/wp\/v2\/users\/1"}],"replies":[{"embeddable":true,"href":"https:\/\/twofold.dev\/en\/wp-json\/wp\/v2\/comments?post=748"}],"version-history":[{"count":6,"href":"https:\/\/twofold.dev\/en\/wp-json\/wp\/v2\/pages\/748\/revisions"}],"predecessor-version":[{"id":10231,"href":"https:\/\/twofold.dev\/en\/wp-json\/wp\/v2\/pages\/748\/revisions\/10231"}],"wp:attachment":[{"href":"https:\/\/twofold.dev\/en\/wp-json\/wp\/v2\/media?parent=748"}],"curies":[{"name":"wp","href":"https:\/\/api.w.org\/{rel}","templated":true}]}}