{"id":151,"date":"2020-11-24T16:57:45","date_gmt":"2020-11-24T15:57:45","guid":{"rendered":"https:\/\/twofold.dev\/?page_id=151"},"modified":"2023-01-12T14:34:01","modified_gmt":"2023-01-12T13:34:01","slug":"academy","status":"publish","type":"page","link":"https:\/\/twofold.dev\/en\/academy\/","title":{"rendered":"academy"},"content":{"rendered":"<div data-elementor-type=\"wp-page\" data-elementor-id=\"151\" class=\"elementor elementor-151\">\n\t\t\t\t\t\t<div class=\"elementor-inner\">\n\t\t\t\t<div class=\"elementor-section-wrap\">\n\t\t\t\t\t\t\t\t\t<section class=\"elementor-section elementor-top-section elementor-element elementor-element-fe6ae23 elementor-section-full_width elementor-section-height-full elementor-section-items-bottom elementor-section-content-bottom elementor-section-height-default\" data-id=\"fe6ae23\" data-element_type=\"section\" data-settings=\"{&quot;background_background&quot;:&quot;video&quot;,&quot;background_video_link&quot;:&quot;https:\\\/\\\/twofold.dev\\\/wp-content\\\/uploads\\\/2022\\\/11\\\/PwC_CT_Casemovie_Mood_Landscape.mp4&quot;,&quot;background_play_on_mobile&quot;:&quot;yes&quot;}\">\n\t\t\t\t\t\t\t\t<div class=\"elementor-background-video-container\">\n\t\t\t\t\t\t\t\t\t\t\t\t\t<video class=\"elementor-background-video-hosted elementor-html5-video\" autoplay muted playsinline loop><\/video>\n\t\t\t\t\t\t\t\t\t\t\t<\/div>\n\t\t\t\t\t\t\t\t<div class=\"elementor-container elementor-column-gap-default\">\n\t\t\t\t\t\t\t<div class=\"elementor-row\">\n\t\t\t\t\t<div class=\"elementor-column elementor-col-100 elementor-top-column elementor-element elementor-element-f1cf6eb title-fade-in\" data-id=\"f1cf6eb\" data-element_type=\"column\">\n\t\t\t<div class=\"elementor-column-wrap elementor-element-populated\">\n\t\t\t\t\t\t\t<div class=\"elementor-widget-wrap\">\n\t\t\t\t\t\t<div class=\"elementor-element elementor-element-e183c66 elementor-widget elementor-widget-heading\" data-id=\"e183c66\" data-element_type=\"widget\" data-widget_type=\"heading.default\">\n\t\t\t\t<div class=\"elementor-widget-container\">\n\t\t\t<h1 class=\"elementor-heading-title elementor-size-default\">twofold academy \u2014 <br>\npart of each of our projects<\/h1>\t\t<\/div>\n\t\t\t\t<\/div>\n\t\t\t\t<div class=\"elementor-element elementor-element-43a13f9 link-wrapper elementor-widget elementor-widget-text-editor\" data-id=\"43a13f9\" data-element_type=\"widget\" data-widget_type=\"text-editor.default\">\n\t\t\t\t<div class=\"elementor-widget-container\">\n\t\t\t\t\t\t\t\t<div class=\"elementor-text-editor elementor-clearfix\">\n\t\t\t\t<p><a class=\"vimeo\" href=\"https:\/\/player.vimeo.com\/video\/768615721\" target=\"_blank\" rel=\"noreferrer noopener\">Video<\/a><\/p>\t\t\t\t\t<\/div>\n\t\t\t\t\t\t<\/div>\n\t\t\t\t<\/div>\n\t\t\t\t\t\t<\/div>\n\t\t\t\t\t<\/div>\n\t\t<\/div>\n\t\t\t\t\t\t\t\t<\/div>\n\t\t\t\t\t<\/div>\n\t\t<\/section>\n\t\t\t\t<section class=\"elementor-section elementor-top-section elementor-element elementor-element-c439d3d elementor-section-full_width no-header-padding__except-mobile elementor-section-height-default elementor-section-height-default\" data-id=\"c439d3d\" data-element_type=\"section\" id=\"first-section\">\n\t\t\t\t\t\t<div class=\"elementor-container elementor-column-gap-default\">\n\t\t\t\t\t\t\t<div class=\"elementor-row\">\n\t\t\t\t\t<div class=\"elementor-column elementor-col-100 elementor-top-column elementor-element elementor-element-621c7a8\" data-id=\"621c7a8\" data-element_type=\"column\">\n\t\t\t<div class=\"elementor-column-wrap elementor-element-populated\">\n\t\t\t\t\t\t\t<div class=\"elementor-widget-wrap\">\n\t\t\t\t\t\t<section class=\"elementor-section elementor-inner-section elementor-element elementor-element-0f9c215 elementor-section-full_width elementor-section-height-default elementor-section-height-default\" data-id=\"0f9c215\" data-element_type=\"section\">\n\t\t\t\t\t\t<div class=\"elementor-container elementor-column-gap-default\">\n\t\t\t\t\t\t\t<div class=\"elementor-row\">\n\t\t\t\t\t<div class=\"elementor-column elementor-col-50 elementor-inner-column elementor-element elementor-element-b8a6b9a\" data-id=\"b8a6b9a\" data-element_type=\"column\">\n\t\t\t<div class=\"elementor-column-wrap elementor-element-populated\">\n\t\t\t\t\t\t\t<div class=\"elementor-widget-wrap\">\n\t\t\t\t\t\t<div class=\"elementor-element elementor-element-83dd546 sub-heading  elementor-hidden-mobile elementor-widget elementor-widget-text-editor\" data-id=\"83dd546\" data-element_type=\"widget\" data-widget_type=\"text-editor.default\">\n\t\t\t\t<div class=\"elementor-widget-container\">\n\t\t\t\t\t\t\t\t<div class=\"elementor-text-editor elementor-clearfix\">\n\t\t\t\t<p>twofold academy I Retrospective<\/p>\t\t\t\t\t<\/div>\n\t\t\t\t\t\t<\/div>\n\t\t\t\t<\/div>\n\t\t\t\t<div class=\"elementor-element elementor-element-c2c06b1 main-heading elementor-widget elementor-widget-heading\" data-id=\"c2c06b1\" data-element_type=\"widget\" data-widget_type=\"heading.default\">\n\t\t\t\t<div class=\"elementor-widget-container\">\n\t\t\t<h1 class=\"elementor-heading-title elementor-size-default\">A look back<\/h1>\t\t<\/div>\n\t\t\t\t<\/div>\n\t\t\t\t<div class=\"elementor-element elementor-element-a6f8577 link-wrapper no-height continuos-text elementor-widget elementor-widget-text-editor\" data-id=\"a6f8577\" data-element_type=\"widget\" data-widget_type=\"text-editor.default\">\n\t\t\t\t<div class=\"elementor-widget-container\">\n\t\t\t\t\t\t\t\t<div class=\"elementor-text-editor elementor-clearfix\">\n\t\t\t\t<p>More than 10 years ago, Susan Conza founded Asperger AG (today\u2019s twofold academy) to provide IT services for Swiss SMEs and, in parallel, to offer training for gifted young people with Asperger syndrome. More and more, the company realized projects that included not only IT, but also programming and design, and expanded a vocational training accordingly.<\/p>\t\t\t\t\t<\/div>\n\t\t\t\t\t\t<\/div>\n\t\t\t\t<\/div>\n\t\t\t\t\t\t<\/div>\n\t\t\t\t\t<\/div>\n\t\t<\/div>\n\t\t\t\t<div class=\"elementor-column elementor-col-50 elementor-inner-column elementor-element elementor-element-1c7a495 academy-image-col\" data-id=\"1c7a495\" data-element_type=\"column\" data-settings=\"{&quot;background_background&quot;:&quot;classic&quot;}\">\n\t\t\t<div class=\"elementor-column-wrap elementor-element-populated\">\n\t\t\t\t\t\t\t<div class=\"elementor-widget-wrap\">\n\t\t\t\t\t\t<div class=\"elementor-element elementor-element-5197ff6 elementor-hidden-phone elementor-widget__width-initial elementor-invisible elementor-widget elementor-widget-image\" data-id=\"5197ff6\" data-element_type=\"widget\" data-settings=\"{&quot;_animation&quot;:&quot;fadeIn&quot;}\" data-widget_type=\"image.default\">\n\t\t\t\t<div class=\"elementor-widget-container\">\n\t\t\t\t\t\t\t\t<div class=\"elementor-image\">\n\t\t\t\t\t\t\t\t\t\t\t\t<img decoding=\"async\" width=\"875\" height=\"540\" src=\"https:\/\/twofold.dev\/wp-content\/uploads\/2022\/11\/susan_conza.png\" class=\"attachment-full size-full wp-image-10615\" alt=\"\" loading=\"lazy\" srcset=\"https:\/\/twofold.dev\/wp-content\/uploads\/2022\/11\/susan_conza.png 875w, https:\/\/twofold.dev\/wp-content\/uploads\/2022\/11\/susan_conza-300x185.png 300w, https:\/\/twofold.dev\/wp-content\/uploads\/2022\/11\/susan_conza-768x474.png 768w, https:\/\/twofold.dev\/wp-content\/uploads\/2022\/11\/susan_conza-18x12.png 18w\" sizes=\"(max-width: 875px) 100vw, 875px\" \/>\t\t\t\t\t\t\t\t\t\t\t\t\t\t<\/div>\n\t\t\t\t\t\t<\/div>\n\t\t\t\t<\/div>\n\t\t\t\t\t\t<\/div>\n\t\t\t\t\t<\/div>\n\t\t<\/div>\n\t\t\t\t\t\t\t\t<\/div>\n\t\t\t\t\t<\/div>\n\t\t<\/section>\n\t\t\t\t\t\t<\/div>\n\t\t\t\t\t<\/div>\n\t\t<\/div>\n\t\t\t\t\t\t\t\t<\/div>\n\t\t\t\t\t<\/div>\n\t\t<\/section>\n\t\t\t\t<section class=\"elementor-section elementor-top-section elementor-element elementor-element-6cf84c9 elementor-section-full_width no-header-padding__except-mobile elementor-section-height-default elementor-section-height-default\" data-id=\"6cf84c9\" data-element_type=\"section\">\n\t\t\t\t\t\t<div class=\"elementor-container elementor-column-gap-default\">\n\t\t\t\t\t\t\t<div class=\"elementor-row\">\n\t\t\t\t\t<div class=\"elementor-column elementor-col-100 elementor-top-column elementor-element elementor-element-186a3e1\" data-id=\"186a3e1\" data-element_type=\"column\">\n\t\t\t<div class=\"elementor-column-wrap elementor-element-populated\">\n\t\t\t\t\t\t\t<div class=\"elementor-widget-wrap\">\n\t\t\t\t\t\t<section class=\"elementor-section elementor-inner-section elementor-element elementor-element-18c2f6d elementor-section-full_width elementor-section-height-default elementor-section-height-default\" data-id=\"18c2f6d\" data-element_type=\"section\">\n\t\t\t\t\t\t<div class=\"elementor-container elementor-column-gap-default\">\n\t\t\t\t\t\t\t<div class=\"elementor-row\">\n\t\t\t\t\t<div class=\"elementor-column elementor-col-50 elementor-inner-column elementor-element elementor-element-83d5550\" data-id=\"83d5550\" data-element_type=\"column\">\n\t\t\t<div class=\"elementor-column-wrap elementor-element-populated\">\n\t\t\t\t\t\t\t<div class=\"elementor-widget-wrap\">\n\t\t\t\t\t\t<div class=\"elementor-element elementor-element-99b47a0 sub-heading  elementor-hidden-mobile elementor-widget elementor-widget-text-editor\" data-id=\"99b47a0\" data-element_type=\"widget\" data-widget_type=\"text-editor.default\">\n\t\t\t\t<div class=\"elementor-widget-container\">\n\t\t\t\t\t\t\t\t<div class=\"elementor-text-editor elementor-clearfix\">\n\t\t\t\t<p>twofold academy I Today<\/p>\t\t\t\t\t<\/div>\n\t\t\t\t\t\t<\/div>\n\t\t\t\t<\/div>\n\t\t\t\t<div class=\"elementor-element elementor-element-e97561e main-heading elementor-widget elementor-widget-heading\" data-id=\"e97561e\" data-element_type=\"widget\" data-widget_type=\"heading.default\">\n\t\t\t\t<div class=\"elementor-widget-container\">\n\t\t\t<h1 class=\"elementor-heading-title elementor-size-default\">Part of every twofold project<\/h1>\t\t<\/div>\n\t\t\t\t<\/div>\n\t\t\t\t<div class=\"elementor-element elementor-element-47acb66 link-wrapper no-height continuos-text elementor-widget elementor-widget-text-editor\" data-id=\"47acb66\" data-element_type=\"widget\" data-widget_type=\"text-editor.default\">\n\t\t\t\t<div class=\"elementor-widget-container\">\n\t\t\t\t\t\t\t\t<div class=\"elementor-text-editor elementor-clearfix\">\n\t\t\t\t<p>Becoming a full-service agency (twofold), where young people with Asperger syndrome could work for larger clients, seemed like the logical next step. Today, the twofold academy is part of every twofold project. In a neurodiverse environment, apprentices receive training tailored to their needs and benefit from working on the variety of twofold projects. In this way, they become the professionals of tomorrow.<\/p>\t\t\t\t\t<\/div>\n\t\t\t\t\t\t<\/div>\n\t\t\t\t<\/div>\n\t\t\t\t\t\t<\/div>\n\t\t\t\t\t<\/div>\n\t\t<\/div>\n\t\t\t\t<div class=\"elementor-column elementor-col-50 elementor-inner-column elementor-element elementor-element-1bcf7d6 academy-image-col\" data-id=\"1bcf7d6\" data-element_type=\"column\" data-settings=\"{&quot;background_background&quot;:&quot;classic&quot;}\">\n\t\t\t<div class=\"elementor-column-wrap elementor-element-populated\">\n\t\t\t\t\t\t\t<div class=\"elementor-widget-wrap\">\n\t\t\t\t\t\t<div class=\"elementor-element elementor-element-498eae2 elementor-hidden-phone elementor-widget__width-initial elementor-invisible elementor-widget elementor-widget-image\" data-id=\"498eae2\" data-element_type=\"widget\" data-settings=\"{&quot;_animation&quot;:&quot;fadeIn&quot;}\" data-widget_type=\"image.default\">\n\t\t\t\t<div class=\"elementor-widget-container\">\n\t\t\t\t\t\t\t\t<div class=\"elementor-image\">\n\t\t\t\t\t\t\t\t\t\t\t\t<img decoding=\"async\" width=\"875\" height=\"540\" src=\"https:\/\/twofold.dev\/wp-content\/uploads\/2022\/11\/academy_heute.png\" class=\"attachment-full size-full wp-image-10686\" alt=\"\" loading=\"lazy\" srcset=\"https:\/\/twofold.dev\/wp-content\/uploads\/2022\/11\/academy_heute.png 875w, https:\/\/twofold.dev\/wp-content\/uploads\/2022\/11\/academy_heute-300x185.png 300w, https:\/\/twofold.dev\/wp-content\/uploads\/2022\/11\/academy_heute-768x474.png 768w, https:\/\/twofold.dev\/wp-content\/uploads\/2022\/11\/academy_heute-18x12.png 18w\" sizes=\"(max-width: 875px) 100vw, 875px\" \/>\t\t\t\t\t\t\t\t\t\t\t\t\t\t<\/div>\n\t\t\t\t\t\t<\/div>\n\t\t\t\t<\/div>\n\t\t\t\t\t\t<\/div>\n\t\t\t\t\t<\/div>\n\t\t<\/div>\n\t\t\t\t\t\t\t\t<\/div>\n\t\t\t\t\t<\/div>\n\t\t<\/section>\n\t\t\t\t\t\t<\/div>\n\t\t\t\t\t<\/div>\n\t\t<\/div>\n\t\t\t\t\t\t\t\t<\/div>\n\t\t\t\t\t<\/div>\n\t\t<\/section>\n\t\t\t\t<section class=\"elementor-section elementor-top-section elementor-element elementor-element-6cdc658 elementor-section-full_width no-header-padding__except-mobile elementor-section-height-default elementor-section-height-default\" data-id=\"6cdc658\" data-element_type=\"section\">\n\t\t\t\t\t\t<div class=\"elementor-container elementor-column-gap-default\">\n\t\t\t\t\t\t\t<div class=\"elementor-row\">\n\t\t\t\t\t<div class=\"elementor-column elementor-col-100 elementor-top-column elementor-element elementor-element-cf609bb\" data-id=\"cf609bb\" data-element_type=\"column\">\n\t\t\t<div class=\"elementor-column-wrap elementor-element-populated\">\n\t\t\t\t\t\t\t<div class=\"elementor-widget-wrap\">\n\t\t\t\t\t\t<section class=\"elementor-section elementor-inner-section elementor-element elementor-element-c365bec elementor-section-full_width elementor-section-height-default elementor-section-height-default\" data-id=\"c365bec\" data-element_type=\"section\">\n\t\t\t\t\t\t<div class=\"elementor-container elementor-column-gap-default\">\n\t\t\t\t\t\t\t<div class=\"elementor-row\">\n\t\t\t\t\t<div class=\"elementor-column elementor-col-50 elementor-inner-column elementor-element elementor-element-12f7643\" data-id=\"12f7643\" data-element_type=\"column\">\n\t\t\t<div class=\"elementor-column-wrap elementor-element-populated\">\n\t\t\t\t\t\t\t<div class=\"elementor-widget-wrap\">\n\t\t\t\t\t\t<div class=\"elementor-element elementor-element-8bfe04b sub-heading  elementor-hidden-mobile elementor-widget elementor-widget-text-editor\" data-id=\"8bfe04b\" data-element_type=\"widget\" data-widget_type=\"text-editor.default\">\n\t\t\t\t<div class=\"elementor-widget-container\">\n\t\t\t\t\t\t\t\t<div class=\"elementor-text-editor elementor-clearfix\">\n\t\t\t\t<p>twofold academy I apprenticeships<\/p>\t\t\t\t\t<\/div>\n\t\t\t\t\t\t<\/div>\n\t\t\t\t<\/div>\n\t\t\t\t<div class=\"elementor-element elementor-element-d149969 main-heading elementor-widget elementor-widget-heading\" data-id=\"d149969\" data-element_type=\"widget\" data-widget_type=\"heading.default\">\n\t\t\t\t<div class=\"elementor-widget-container\">\n\t\t\t<h1 class=\"elementor-heading-title elementor-size-default\">Three apprenticeships<\/h1>\t\t<\/div>\n\t\t\t\t<\/div>\n\t\t\t\t<div class=\"elementor-element elementor-element-f1b1535 link-wrapper no-height continuos-text black elementor-widget elementor-widget-text-editor\" data-id=\"f1b1535\" data-element_type=\"widget\" data-widget_type=\"text-editor.default\">\n\t\t\t\t<div class=\"elementor-widget-container\">\n\t\t\t\t\t\t\t\t<div class=\"elementor-text-editor elementor-clearfix\">\n\t\t\t\t<p class=\" translation-block\">We train people in the neurodiverse environment as Interactive Media Designers (EFZ), Computer Scientists in Application Development (EFZ) and as Commercial (EFZ). During your apprenticeship you will learn the basics of one of these professions and work on various twofold projects. If you complete the apprenticeship successfully, you will acquire the official qualification for the respective profession and will be fit to work in the primary labor market.<\/p>\t\t\t\t\t<\/div>\n\t\t\t\t\t\t<\/div>\n\t\t\t\t<\/div>\n\t\t\t\t<div class=\"elementor-element elementor-element-08dd975 link-wrapper no-height continuos-text black training elementor-widget elementor-widget-text-editor\" data-id=\"08dd975\" data-element_type=\"widget\" data-widget_type=\"text-editor.default\">\n\t\t\t\t<div class=\"elementor-widget-container\">\n\t\t\t\t\t\t\t\t<div class=\"elementor-text-editor elementor-clearfix\">\n\t\t\t\t<p><a href=\"https:\/\/sfgb-b.ch\/bildungsangebote\/berufsfachschule\/interactive-media-designer\" target=\"_blank\" rel=\"noopener\">Interactive Media Design<\/a> | <a href=\"https:\/\/www.ict-berufsbildung.ch\/grundbildung\/ict-lehren\/informatiker-in-efz\" target=\"_blank\" rel=\"noopener\">Applikationsentwicklung<\/a> | <a href=\"https:\/\/www.zukunftsberufe.ch\/de\/kauffraukaufmann.html\" target=\"_blank\" rel=\"noopener\">Office<\/a><\/p>\t\t\t\t\t<\/div>\n\t\t\t\t\t\t<\/div>\n\t\t\t\t<\/div>\n\t\t\t\t\t\t<\/div>\n\t\t\t\t\t<\/div>\n\t\t<\/div>\n\t\t\t\t<div class=\"elementor-column elementor-col-50 elementor-inner-column elementor-element elementor-element-569cc8e academy-image-col\" data-id=\"569cc8e\" data-element_type=\"column\" data-settings=\"{&quot;background_background&quot;:&quot;classic&quot;}\">\n\t\t\t<div class=\"elementor-column-wrap elementor-element-populated\">\n\t\t\t\t\t\t\t<div class=\"elementor-widget-wrap\">\n\t\t\t\t\t\t<div class=\"elementor-element elementor-element-09967e9 elementor-hidden-phone elementor-widget__width-initial elementor-invisible elementor-widget elementor-widget-image\" data-id=\"09967e9\" data-element_type=\"widget\" data-settings=\"{&quot;_animation&quot;:&quot;fadeIn&quot;}\" data-widget_type=\"image.default\">\n\t\t\t\t<div class=\"elementor-widget-container\">\n\t\t\t\t\t\t\t\t<div class=\"elementor-image\">\n\t\t\t\t\t\t\t\t\t\t\t\t<img decoding=\"async\" width=\"875\" height=\"540\" src=\"https:\/\/twofold.dev\/wp-content\/uploads\/2022\/11\/academy_heute_2.png\" class=\"attachment-full size-full wp-image-10687\" alt=\"\" loading=\"lazy\" srcset=\"https:\/\/twofold.dev\/wp-content\/uploads\/2022\/11\/academy_heute_2.png 875w, https:\/\/twofold.dev\/wp-content\/uploads\/2022\/11\/academy_heute_2-300x185.png 300w, https:\/\/twofold.dev\/wp-content\/uploads\/2022\/11\/academy_heute_2-768x474.png 768w, https:\/\/twofold.dev\/wp-content\/uploads\/2022\/11\/academy_heute_2-18x12.png 18w\" sizes=\"(max-width: 875px) 100vw, 875px\" \/>\t\t\t\t\t\t\t\t\t\t\t\t\t\t<\/div>\n\t\t\t\t\t\t<\/div>\n\t\t\t\t<\/div>\n\t\t\t\t\t\t<\/div>\n\t\t\t\t\t<\/div>\n\t\t<\/div>\n\t\t\t\t\t\t\t\t<\/div>\n\t\t\t\t\t<\/div>\n\t\t<\/section>\n\t\t\t\t\t\t<\/div>\n\t\t\t\t\t<\/div>\n\t\t<\/div>\n\t\t\t\t\t\t\t\t<\/div>\n\t\t\t\t\t<\/div>\n\t\t<\/section>\n\t\t\t\t<section class=\"elementor-section elementor-top-section elementor-element elementor-element-a11326f elementor-section-full_width no-header-padding__except-mobile elementor-section-height-default elementor-section-height-default\" data-id=\"a11326f\" data-element_type=\"section\" data-settings=\"{&quot;background_background&quot;:&quot;classic&quot;}\">\n\t\t\t\t\t\t<div class=\"elementor-container elementor-column-gap-default\">\n\t\t\t\t\t\t\t<div class=\"elementor-row\">\n\t\t\t\t\t<div class=\"elementor-column elementor-col-100 elementor-top-column elementor-element elementor-element-f2562d0\" data-id=\"f2562d0\" data-element_type=\"column\">\n\t\t\t<div class=\"elementor-column-wrap elementor-element-populated\">\n\t\t\t\t\t\t\t<div class=\"elementor-widget-wrap\">\n\t\t\t\t\t\t<section class=\"elementor-section elementor-inner-section elementor-element elementor-element-ec4cad7 elementor-section-full_width elementor-section-height-default elementor-section-height-default\" data-id=\"ec4cad7\" data-element_type=\"section\">\n\t\t\t\t\t\t<div class=\"elementor-container elementor-column-gap-default\">\n\t\t\t\t\t\t\t<div class=\"elementor-row\">\n\t\t\t\t\t<div class=\"elementor-column elementor-col-50 elementor-inner-column elementor-element elementor-element-8cb47b2\" data-id=\"8cb47b2\" data-element_type=\"column\">\n\t\t\t<div class=\"elementor-column-wrap elementor-element-populated\">\n\t\t\t\t\t\t\t<div class=\"elementor-widget-wrap\">\n\t\t\t\t\t\t<div class=\"elementor-element elementor-element-e945931 sub-heading  elementor-hidden-mobile elementor-widget elementor-widget-text-editor\" data-id=\"e945931\" data-element_type=\"widget\" data-widget_type=\"text-editor.default\">\n\t\t\t\t<div class=\"elementor-widget-container\">\n\t\t\t\t\t\t\t\t<div class=\"elementor-text-editor elementor-clearfix\">\n\t\t\t\t<p>twofold academy I apprenticeships<\/p>\t\t\t\t\t<\/div>\n\t\t\t\t\t\t<\/div>\n\t\t\t\t<\/div>\n\t\t\t\t<div class=\"elementor-element elementor-element-0128d4c main-heading elementor-widget elementor-widget-heading\" data-id=\"0128d4c\" data-element_type=\"widget\" data-widget_type=\"heading.default\">\n\t\t\t\t<div class=\"elementor-widget-container\">\n\t\t\t<h1 class=\"elementor-heading-title elementor-size-default\">Ready for your apprenticeship?<\/h1>\t\t<\/div>\n\t\t\t\t<\/div>\n\t\t\t\t<div class=\"elementor-element elementor-element-44bca95 link-wrapper no-height continuos-text elementor-widget elementor-widget-text-editor\" data-id=\"44bca95\" data-element_type=\"widget\" data-widget_type=\"text-editor.default\">\n\t\t\t\t<div class=\"elementor-widget-container\">\n\t\t\t\t\t\t\t\t<div class=\"elementor-text-editor elementor-clearfix\">\n\t\t\t\t<p>Are you interested in twofold and our academy? Would you like to do an apprenticeship with us? Do you have questions? Then contact Gianni Delle Donne.\u00a0<\/p>\t\t\t\t\t<\/div>\n\t\t\t\t\t\t<\/div>\n\t\t\t\t<\/div>\n\t\t\t\t<div class=\"elementor-element elementor-element-06b5c02 continuos-text contact-info elementor-widget elementor-widget-text-editor\" data-id=\"06b5c02\" data-element_type=\"widget\" data-widget_type=\"text-editor.default\">\n\t\t\t\t<div class=\"elementor-widget-container\">\n\t\t\t\t\t\t\t\t<div class=\"elementor-text-editor elementor-clearfix\">\n\t\t\t\t<div>Gianni Delle Donne<br \/>Manager &#171;academy&#187;<\/div><div><span style=\"color: #000000;\"><a style=\"color: #000000;\" href=\"tel:+41445334237\">+41 44 533 42 37<\/a><\/span><\/div><div><a href=\"mailto:gianni.delledonne@twofold.dev\"><span style=\"color: #000000;\">gianni.delledonne (at) twofold.dev<\/span><\/a><\/div>\t\t\t\t\t<\/div>\n\t\t\t\t\t\t<\/div>\n\t\t\t\t<\/div>\n\t\t\t\t\t\t<\/div>\n\t\t\t\t\t<\/div>\n\t\t<\/div>\n\t\t\t\t<div class=\"elementor-column elementor-col-50 elementor-inner-column elementor-element elementor-element-53facc2 academy-image-col\" data-id=\"53facc2\" data-element_type=\"column\" data-settings=\"{&quot;background_background&quot;:&quot;classic&quot;}\">\n\t\t\t<div class=\"elementor-column-wrap elementor-element-populated\">\n\t\t\t\t\t\t\t<div class=\"elementor-widget-wrap\">\n\t\t\t\t\t\t<div class=\"elementor-element elementor-element-0b120e3 elementor-hidden-phone elementor-widget__width-initial elementor-invisible elementor-widget elementor-widget-image\" data-id=\"0b120e3\" data-element_type=\"widget\" data-settings=\"{&quot;_animation&quot;:&quot;fadeIn&quot;}\" data-widget_type=\"image.default\">\n\t\t\t\t<div class=\"elementor-widget-container\">\n\t\t\t\t\t\t\t\t<div class=\"elementor-image\">\n\t\t\t\t\t\t\t\t\t\t\t\t<img decoding=\"async\" src=\"https:\/\/twofold.dev\/wp-content\/uploads\/2022\/11\/gianni_delle_donne.png\" title=\"gianni_delle_donne\" alt=\"gianni_delle_donne\" loading=\"lazy\" \/>\t\t\t\t\t\t\t\t\t\t\t\t\t\t<\/div>\n\t\t\t\t\t\t<\/div>\n\t\t\t\t<\/div>\n\t\t\t\t\t\t<\/div>\n\t\t\t\t\t<\/div>\n\t\t<\/div>\n\t\t\t\t\t\t\t\t<\/div>\n\t\t\t\t\t<\/div>\n\t\t<\/section>\n\t\t\t\t\t\t<\/div>\n\t\t\t\t\t<\/div>\n\t\t<\/div>\n\t\t\t\t\t\t\t\t<\/div>\n\t\t\t\t\t<\/div>\n\t\t<\/section>\n\t\t\t\t\t\t\t\t\t<\/div>\n\t\t\t<\/div>\n\t\t\t\t\t<\/div>","protected":false},"excerpt":{"rendered":"<p>twofold academy \u2014 Teil von jedem Projekt Video twofold academy I Retrospektive Der Blick zur\u00fcck Susan Conza gr\u00fcndete vor \u00fcber 10 Jahren die Asperger AG (heutige twofold academy), um IT-Dienstleistungen f\u00fcr Schweizer KMU zu erbringen und parallel dazu eine Ausbildung f\u00fcr begabte Jugendliche mit Asperger-Syndrom anzubieten. Mehr und mehr realisierte das Unternehmen Projekte, die nicht [&hellip;]<\/p>","protected":false},"author":1,"featured_media":0,"parent":0,"menu_order":0,"comment_status":"closed","ping_status":"closed","template":"elementor_header_footer","meta":[],"_links":{"self":[{"href":"https:\/\/twofold.dev\/en\/wp-json\/wp\/v2\/pages\/151"}],"collection":[{"href":"https:\/\/twofold.dev\/en\/wp-json\/wp\/v2\/pages"}],"about":[{"href":"https:\/\/twofold.dev\/en\/wp-json\/wp\/v2\/types\/page"}],"author":[{"embeddable":true,"href":"https:\/\/twofold.dev\/en\/wp-json\/wp\/v2\/users\/1"}],"replies":[{"embeddable":true,"href":"https:\/\/twofold.dev\/en\/wp-json\/wp\/v2\/comments?post=151"}],"version-history":[{"count":192,"href":"https:\/\/twofold.dev\/en\/wp-json\/wp\/v2\/pages\/151\/revisions"}],"predecessor-version":[{"id":11676,"href":"https:\/\/twofold.dev\/en\/wp-json\/wp\/v2\/pages\/151\/revisions\/11676"}],"wp:attachment":[{"href":"https:\/\/twofold.dev\/en\/wp-json\/wp\/v2\/media?parent=151"}],"curies":[{"name":"wp","href":"https:\/\/api.w.org\/{rel}","templated":true}]}}